{"id":4123,"date":"2024-05-24T09:27:23","date_gmt":"2024-05-24T09:27:23","guid":{"rendered":"https:\/\/kpgnewhomes.com\/?page_id=4123"},"modified":"2025-07-07T10:29:11","modified_gmt":"2025-07-07T10:29:11","slug":"vender","status":"publish","type":"page","link":"https:\/\/www.kpgproperty.com\/es\/vender\/","title":{"rendered":"Vender"},"content":{"rendered":"\n<div class=\"wp-block-group cabecera_con_imagen has-global-padding is-layout-constrained wp-block-group-is-layout-constrained\">\n<div class=\"wp-block-cover\" style=\"min-height:545px;aspect-ratio:unset;\"><span aria-hidden=\"true\" class=\"wp-block-cover__background has-background-dim-60 has-background-dim\" style=\"background-color:#1c1c1e\"><\/span><img loading=\"lazy\" decoding=\"async\" width=\"1500\" height=\"559\" class=\"wp-block-cover__image-background wp-image-82\" alt=\"\" src=\"https:\/\/kpgnewhomes.com\/wp-content\/uploads\/65cb94e87c4dd.jpg\" data-object-fit=\"cover\" srcset=\"https:\/\/www.kpgproperty.com\/wp-content\/uploads\/65cb94e87c4dd.jpg 1500w, https:\/\/www.kpgproperty.com\/wp-content\/uploads\/65cb94e87c4dd-300x112.jpg 300w, https:\/\/www.kpgproperty.com\/wp-content\/uploads\/65cb94e87c4dd-1024x382.jpg 1024w, https:\/\/www.kpgproperty.com\/wp-content\/uploads\/65cb94e87c4dd-768x286.jpg 768w\" sizes=\"(max-width: 1500px) 100vw, 1500px\" \/><div class=\"wp-block-cover__inner-container has-global-padding is-layout-constrained wp-block-cover-is-layout-constrained\">\n<p class=\"has-text-align-center has-large-font-size\">Desarrolla y vende tu propiedad con nosotros<\/p>\n\n\n\n<figure class=\"wp-block-image size-large\"><img decoding=\"async\" src=\"\/wp-content\/uploads\/target.svg\" alt=\"\"\/><\/figure>\n<\/div><\/div>\n<\/div>\n\n\n\n<div class=\"wp-block-group bloque_presentacion fondo_gris_1 has-global-padding is-layout-constrained wp-container-core-group-is-layout-8dd13e6d wp-block-group-is-layout-constrained\" style=\"padding-right:var(--wp--preset--spacing--60);padding-left:var(--wp--preset--spacing--60)\">\n<div style=\"background-image:url(&#039;https:\/\/kpgnewhomes.com\/wp-content\/uploads\/65cb949b5cc55.jpg&#039;);background-position:50% 50%;background-size:cover;\" class=\"wp-block-group imagen_presentacion is-content-justification-left is-nowrap is-layout-flex wp-container-core-group-is-layout-fc9f69e7 wp-block-group-is-layout-flex has-background\">\n<div class=\"wp-block-group cont_presentacion is-vertical is-nowrap is-layout-flex wp-container-core-group-is-layout-6fe931d8 wp-block-group-is-layout-flex\">\n<h2 class=\"wp-block-heading\"><strong>Desarrolle y venda su propiedad al mejor precio<\/strong><\/h2>\n\n\n\n<p>Con los expertos adecuados, usted puede garantizar que su propiedad se venda de manera r\u00e1pida, eficiente y al comprador indicado, obteniendo el mejor precio posible.<\/p>\n\n\n\n<div class=\"wp-block-buttons is-layout-flex wp-block-buttons-is-layout-flex\">\n<div class=\"wp-block-button boton_generico\"><a class=\"wp-block-button__link wp-element-button\" href=\"https:\/\/www.kpgproperty.com\/es\/contacto\/\">CONT\u00c1CTENOS<\/a><\/div>\n<\/div>\n<\/div>\n<\/div>\n<\/div>\n\n\n\n<div class=\"wp-block-group contenido_blanco_estrecho has-base-2-background-color has-background has-global-padding is-layout-constrained wp-container-core-group-is-layout-8dd13e6d wp-block-group-is-layout-constrained\" style=\"padding-right:var(--wp--preset--spacing--60);padding-left:var(--wp--preset--spacing--60)\">\n<div class=\"wp-block-group has-global-padding is-layout-constrained wp-block-group-is-layout-constrained\">\n<h3 class=\"wp-block-heading has-text-align-center separador_titulo_1\" style=\"margin-top:0;margin-bottom:0\"><strong>Desarrolle y venda propiedades con KPG New Homes<\/strong><\/h3>\n\n\n\n<h3 class=\"wp-block-heading\"><strong>Lo que KPG New Homes puede hacer por usted<\/strong><\/h3>\n\n\n\n<p>Tasaciones de terrenos:&nbsp;Ofrecemos una evaluaci\u00f3n precisa del valor de la propiedad a trav\u00e9s de un an\u00e1lisis exhaustivo, ayudando a los clientes a tomar decisiones informadas sobre la compra o venta de terrenos.<\/p>\n\n\n\n<p>Asesoramiento de dise\u00f1o:&nbsp;Nuestra orientaci\u00f3n experta optimizar\u00e1 la est\u00e9tica y funcionalidad de la propiedad, asegurando que los espacios se alineen con las preferencias y el estilo de vida de los clientes.<\/p>\n\n\n\n<p>Home Staging:&nbsp;Ayudamos a transformar propiedades para lograr el m\u00e1ximo atractivo, aumentando la comerciabilidad y atrayendo a compradores potenciales a trav\u00e9s del \u00abhome staging\u00bb estrat\u00e9gico.<\/p>\n\n\n\n<p>Investigaci\u00f3n de mercado:&nbsp;Proporcionamos informaci\u00f3n actualizada sobre las tendencias del mercado inmobiliario local, ayudando a los clientes a navegar por el mercado con decisiones fundamentadas.<\/p>\n\n\n\n<p>Estrategia de precios:&nbsp;Nos encargamos de evaluar con precisi\u00f3n el valor de su propiedad. Ayudamos a tomar decisiones informadas sobre su proyecto y venta. Establezcamos precios competitivos para casas nuevas seg\u00fan las condiciones del mercado, las caracter\u00edsticas de la propiedad, la ubicaci\u00f3n y otros factores.<\/p>\n\n\n\n<p>Cumplimiento legal y estructura de contratos:&nbsp;Nos aseguraremos de que todas las transacciones inmobiliarias cumplan con las leyes y reglamentos locales, estatales y federales, incluidas las divulgaciones y los contratos. Nuestro equipo legal elabora contratos precisos y legalmente s\u00f3lidos, salvaguardando los intereses de los clientes y garantizando transacciones transparentes.<\/p>\n\n\n\n<p>Marketing y publicidad:&nbsp;Creamos campa\u00f1as de marketing, dise\u00f1amos materiales publicitarios y utilizamos canales online y offline para exhibir y promover viviendas nuevas de manera efectiva. Incluimos el uso de plataformas digitales, folletos, casas modelo y jornadas de puertas abiertas.<\/p>\n\n\n\n<p>Exposici\u00f3n local e internacional:&nbsp;Extendemos el alcance de la propiedad a trav\u00e9s de redes locales y globales, ampliando considerablemente el abanico de compradores potenciales.<\/p>\n\n\n\n<p>Financiaci\u00f3n para promotores:&nbsp;KPG puede facilitar asociaciones financieras con entidades bancarias de confianza para ayudar a los promotores inmobiliarios a obtener los fondos necesarios.<\/p>\n\n\n\n<p>Acceso a nuestra red:&nbsp;Ofrecemos acceso exclusivo a una amplia red de conexiones nacionales e internacionales, fomentando valiosas oportunidades en el \u00e1mbito inmobiliario.<\/p>\n<\/div>\n<\/div>\n\n\n\n<div class=\"wp-block-group has-base-2-background-color has-background has-global-padding is-layout-constrained wp-container-core-group-is-layout-db4d847e wp-block-group-is-layout-constrained\" style=\"padding-top:0;padding-right:var(--wp--preset--spacing--60);padding-bottom:0;padding-left:var(--wp--preset--spacing--60)\">\n<hr class=\"wp-block-separator has-alpha-channel-opacity is-style-wide separador_1\" style=\"margin-top:0;margin-bottom:0\"\/>\n<\/div>\n\n\n\n<div class=\"wp-block-group call_to_action_1 has-base-2-background-color has-background has-global-padding is-layout-constrained wp-container-core-group-is-layout-98bc3c8b wp-block-group-is-layout-constrained\" style=\"padding-top:var(--wp--preset--spacing--20);padding-right:var(--wp--preset--spacing--60);padding-bottom:var(--wp--preset--spacing--20);padding-left:var(--wp--preset--spacing--60)\">\n<h2 class=\"wp-block-heading has-text-align-center titulo_especial_1\">Con los expertos adecuados a su lado, puede asegurarse de que su propiedad se venda r\u00e1pidamente, de manera eficiente y al comprador correcto, obteniendo el mejor precio posible.<\/h2>\n<\/div>\n\n\n\n<div class=\"wp-block-group bloque_contacto has-global-padding is-layout-constrained wp-container-core-group-is-layout-8dd13e6d wp-block-group-is-layout-constrained\" style=\"padding-right:var(--wp--preset--spacing--60);padding-left:var(--wp--preset--spacing--60)\">\n<div class=\"wp-block-columns is-layout-flex wp-container-core-columns-is-layout-c35f20b1 wp-block-columns-is-layout-flex\">\n<div class=\"wp-block-column is-layout-flow wp-block-column-is-layout-flow\" style=\"flex-basis:41.6666667%\">\n<h2 class=\"wp-block-heading\">KPG PROPERTY<\/h2>\n\n\n\n<p>Te acompa\u00f1amos durante todo el proceso de compra, venta o inversi\u00f3n.<\/p>\n\n\n\n<p>\u00a1Comparte tu idea y necesidades con nosotros!<br\/>ENVIAR CONSULTA<\/p>\n<\/div>\n\n\n\n<div class=\"wp-block-column is-layout-flow wp-block-column-is-layout-flow\" style=\"flex-basis:58.33333333%\"><div class=\"is-dynamic-field wp-block-mfb-meta-field-block\"><div class=\"value\">\n<div class=\"wpcf7 no-js\" id=\"wpcf7-f4134-o1\" lang=\"en-US\" dir=\"ltr\" data-wpcf7-id=\"4134\">\n<div class=\"screen-reader-response\"><p role=\"status\" aria-live=\"polite\" aria-atomic=\"true\"><\/p> <ul><\/ul><\/div>\n<form action=\"\/es\/wp-json\/wp\/v2\/pages\/4123#wpcf7-f4134-o1\" method=\"post\" class=\"wpcf7-form init wpcf7-acceptance-as-validation\" aria-label=\"Contact form\" novalidate=\"novalidate\" data-status=\"init\">\n<fieldset class=\"hidden-fields-container\"><input type=\"hidden\" name=\"_wpcf7\" value=\"4134\" \/><input type=\"hidden\" name=\"_wpcf7_version\" value=\"6.1.5\" \/><input type=\"hidden\" name=\"_wpcf7_locale\" value=\"en_US\" \/><input type=\"hidden\" name=\"_wpcf7_unit_tag\" value=\"wpcf7-f4134-o1\" \/><input type=\"hidden\" name=\"_wpcf7_container_post\" value=\"0\" \/><input type=\"hidden\" name=\"_wpcf7_posted_data_hash\" value=\"\" \/><input type=\"hidden\" name=\"_wpcf7_recaptcha_response\" value=\"\" \/>\n<\/fieldset>\n<div class=\"formulario-generico esp_contact\">\n\n<div class=\"campo doble\">\n<div class=\"campo\"><span class=\"wpcf7-form-control-wrap\" data-name=\"nombre\"><input size=\"40\" maxlength=\"400\" class=\"wpcf7-form-control wpcf7-text wpcf7-validates-as-required\" aria-required=\"true\" aria-invalid=\"false\" placeholder=\"Nombre\" value=\"\" type=\"text\" name=\"nombre\" \/><\/span><\/div>\n<div class=\"campo\"><span class=\"wpcf7-form-control-wrap\" data-name=\"surname\"><input size=\"40\" maxlength=\"400\" class=\"wpcf7-form-control wpcf7-text wpcf7-validates-as-required\" aria-required=\"true\" aria-invalid=\"false\" placeholder=\"Apellidos\" value=\"\" type=\"text\" name=\"surname\" \/><\/span><\/div>\n<\/div>\n\n<div class=\"campo doble\">\n<div class=\"campo\"><span class=\"wpcf7-form-control-wrap\" data-name=\"email\"><input size=\"40\" maxlength=\"400\" class=\"wpcf7-form-control wpcf7-email wpcf7-validates-as-required wpcf7-text wpcf7-validates-as-email\" aria-required=\"true\" aria-invalid=\"false\" placeholder=\"Email\" value=\"\" type=\"email\" name=\"email\" \/><\/span><\/div>\n<div class=\"campo\"><span class=\"wpcf7-form-control-wrap\" data-name=\"phone\"><input size=\"40\" maxlength=\"400\" class=\"wpcf7-form-control wpcf7-text\" aria-invalid=\"false\" placeholder=\"Tel\u00e9fono\" value=\"\" type=\"text\" name=\"phone\" \/><\/span><\/div>\n<\/div>\n\n<div class=\"campo\"><span class=\"wpcf7-form-control-wrap\" data-name=\"message\"><textarea cols=\"40\" rows=\"10\" maxlength=\"2000\" class=\"wpcf7-form-control wpcf7-textarea\" aria-invalid=\"false\" placeholder=\"Mensaje\" name=\"message\"><\/textarea><\/span><\/div>\n\n<div class=\"oculto\"><span class=\"wpcf7-form-control-wrap\" data-name=\"url_send\"><textarea cols=\"40\" rows=\"10\" maxlength=\"2000\" class=\"wpcf7-form-control wpcf7-textarea\" aria-invalid=\"false\" name=\"url_send\"><\/textarea><\/span><\/div>\n<div class=\"oculto\"><span class=\"wpcf7-form-control-wrap\" data-name=\"ref\"><input size=\"40\" maxlength=\"400\" class=\"wpcf7-form-control wpcf7-text\" aria-invalid=\"false\" value=\"\" type=\"text\" name=\"ref\" \/><\/span><\/div>\n\n<div class=\"campo check_politicas\"><span class=\"wpcf7-form-control-wrap\" data-name=\"acceptance-601\"><span class=\"wpcf7-form-control wpcf7-acceptance\"><span class=\"wpcf7-list-item\"><label><input type=\"checkbox\" name=\"acceptance-601\" value=\"1\" aria-invalid=\"false\" \/><span class=\"wpcf7-list-item-label\">Al hacer clic en Contactarnos, acepto que un agente de KPG Property puede contactarme por tel\u00e9fono o mensaje de texto, incluidos medios automatizados, sobre servicios inmobiliarios. Reconozco que he le\u00eddo y acepto la <a target=\"_blank\" href=\"\/es\/politica-de-privacidad\/\">Pol\u00edtica de Privacidad<\/a><\/span><\/label><\/span><\/span><\/span><\/div>\n\n\n<div class=\"boton_enviar_form\"><input class=\"wpcf7-form-control wpcf7-submit has-spinner\" type=\"submit\" value=\"ENVIAR MENSAJE\" \/><\/div>\n\n<\/div><div class=\"wpcf7-response-output\" aria-hidden=\"true\"><\/div>\n<\/form>\n<\/div>\n<\/div><\/div><\/div>\n<\/div>\n<\/div>\n","protected":false},"excerpt":{"rendered":"<p>Desarrolle y venda su propiedad al mejor precio Con los expertos adecuados, usted puede garantizar que su propiedad se venda de manera r\u00e1pida, eficiente y al comprador indicado, obteniendo el mejor precio posible. Desarrolle y venda propiedades con KPG New Homes Lo que KPG New Homes puede hacer por usted Tasaciones de terrenos:&nbsp;Ofrecemos una evaluaci\u00f3n [&hellip;]<\/p>\n","protected":false},"author":1,"featured_media":0,"parent":0,"menu_order":0,"comment_status":"closed","ping_status":"closed","template":"","meta":{"_et_pb_use_builder":"","_et_pb_old_content":"","_et_gb_content_width":"","_monsterinsights_skip_tracking":false,"_monsterinsights_sitenote_active":false,"_monsterinsights_sitenote_note":"","_monsterinsights_sitenote_category":0,"footnotes":""},"class_list":["post-4123","page","type-page","status-publish","hentry"],"mb":[],"yoast_head":"<!-- This site is optimized with the Yoast SEO plugin v27.3 - https:\/\/yoast.com\/product\/yoast-seo-wordpress\/ -->\n<title>Vender - KPG Property<\/title>\n<meta name=\"robots\" content=\"index, follow, max-snippet:-1, max-image-preview:large, max-video-preview:-1\" \/>\n<link rel=\"canonical\" href=\"https:\/\/www.kpgproperty.com\/es\/vender\/\" \/>\n<meta property=\"og:locale\" content=\"es_ES\" \/>\n<meta property=\"og:type\" content=\"article\" \/>\n<meta property=\"og:title\" content=\"Vender - KPG Property\" \/>\n<meta property=\"og:description\" content=\"Desarrolle y venda su propiedad al mejor precio Con los expertos adecuados, usted puede garantizar que su propiedad se venda de manera r\u00e1pida, eficiente y al comprador indicado, obteniendo el mejor precio posible. Desarrolle y venda propiedades con KPG New Homes Lo que KPG New Homes puede hacer por usted Tasaciones de terrenos:&nbsp;Ofrecemos una evaluaci\u00f3n [&hellip;]\" \/>\n<meta property=\"og:url\" content=\"https:\/\/www.kpgproperty.com\/es\/vender\/\" \/>\n<meta property=\"og:site_name\" content=\"KPG Property\" \/>\n<meta property=\"article:publisher\" content=\"https:\/\/facebook.com\/kpgpropertylanzarote\" \/>\n<meta property=\"article:modified_time\" content=\"2025-07-07T10:29:11+00:00\" \/>\n<meta property=\"og:image\" content=\"https:\/\/www.kpgproperty.com\/wp-content\/uploads\/65cb94e87c4dd.jpg\" \/>\n\t<meta property=\"og:image:width\" content=\"1500\" \/>\n\t<meta property=\"og:image:height\" content=\"559\" \/>\n\t<meta property=\"og:image:type\" content=\"image\/jpeg\" \/>\n<meta name=\"twitter:card\" content=\"summary_large_image\" \/>\n<meta name=\"twitter:label1\" content=\"Tiempo de lectura\" \/>\n\t<meta name=\"twitter:data1\" content=\"5 minutos\" \/>\n<script type=\"application\/ld+json\" class=\"yoast-schema-graph\">{\"@context\":\"https:\\\/\\\/schema.org\",\"@graph\":[{\"@type\":\"WebPage\",\"@id\":\"https:\\\/\\\/www.kpgproperty.com\\\/es\\\/vender\\\/\",\"url\":\"https:\\\/\\\/www.kpgproperty.com\\\/es\\\/vender\\\/\",\"name\":\"Vender - KPG Property\",\"isPartOf\":{\"@id\":\"https:\\\/\\\/www.kpgproperty.com\\\/#website\"},\"primaryImageOfPage\":{\"@id\":\"https:\\\/\\\/www.kpgproperty.com\\\/es\\\/vender\\\/#primaryimage\"},\"image\":{\"@id\":\"https:\\\/\\\/www.kpgproperty.com\\\/es\\\/vender\\\/#primaryimage\"},\"thumbnailUrl\":\"https:\\\/\\\/kpgnewhomes.com\\\/wp-content\\\/uploads\\\/65cb94e87c4dd.jpg\",\"datePublished\":\"2024-05-24T09:27:23+00:00\",\"dateModified\":\"2025-07-07T10:29:11+00:00\",\"breadcrumb\":{\"@id\":\"https:\\\/\\\/www.kpgproperty.com\\\/es\\\/vender\\\/#breadcrumb\"},\"inLanguage\":\"es\",\"potentialAction\":[{\"@type\":\"ReadAction\",\"target\":[\"https:\\\/\\\/www.kpgproperty.com\\\/es\\\/vender\\\/\"]}]},{\"@type\":\"ImageObject\",\"inLanguage\":\"es\",\"@id\":\"https:\\\/\\\/www.kpgproperty.com\\\/es\\\/vender\\\/#primaryimage\",\"url\":\"https:\\\/\\\/kpgnewhomes.com\\\/wp-content\\\/uploads\\\/65cb94e87c4dd.jpg\",\"contentUrl\":\"https:\\\/\\\/kpgnewhomes.com\\\/wp-content\\\/uploads\\\/65cb94e87c4dd.jpg\"},{\"@type\":\"BreadcrumbList\",\"@id\":\"https:\\\/\\\/www.kpgproperty.com\\\/es\\\/vender\\\/#breadcrumb\",\"itemListElement\":[{\"@type\":\"ListItem\",\"position\":1,\"name\":\"Home\",\"item\":\"https:\\\/\\\/www.kpgproperty.com\\\/es\\\/\"},{\"@type\":\"ListItem\",\"position\":2,\"name\":\"Vender\"}]},{\"@type\":\"WebSite\",\"@id\":\"https:\\\/\\\/www.kpgproperty.com\\\/#website\",\"url\":\"https:\\\/\\\/www.kpgproperty.com\\\/\",\"name\":\"KPG Property\",\"description\":\"The Property Experts\",\"publisher\":{\"@id\":\"https:\\\/\\\/www.kpgproperty.com\\\/#organization\"},\"potentialAction\":[{\"@type\":\"SearchAction\",\"target\":{\"@type\":\"EntryPoint\",\"urlTemplate\":\"https:\\\/\\\/www.kpgproperty.com\\\/?s={search_term_string}\"},\"query-input\":{\"@type\":\"PropertyValueSpecification\",\"valueRequired\":true,\"valueName\":\"search_term_string\"}}],\"inLanguage\":\"es\"},{\"@type\":\"Organization\",\"@id\":\"https:\\\/\\\/www.kpgproperty.com\\\/#organization\",\"name\":\"KPG Property\",\"url\":\"https:\\\/\\\/www.kpgproperty.com\\\/\",\"logo\":{\"@type\":\"ImageObject\",\"inLanguage\":\"es\",\"@id\":\"https:\\\/\\\/www.kpgproperty.com\\\/#\\\/schema\\\/logo\\\/image\\\/\",\"url\":\"https:\\\/\\\/www.kpgproperty.com\\\/wp-content\\\/uploads\\\/Diseno-sin-titulo-47.jpg\",\"contentUrl\":\"https:\\\/\\\/www.kpgproperty.com\\\/wp-content\\\/uploads\\\/Diseno-sin-titulo-47.jpg\",\"width\":600,\"height\":600,\"caption\":\"KPG Property\"},\"image\":{\"@id\":\"https:\\\/\\\/www.kpgproperty.com\\\/#\\\/schema\\\/logo\\\/image\\\/\"},\"sameAs\":[\"https:\\\/\\\/facebook.com\\\/kpgpropertylanzarote\",\"https:\\\/\\\/instagram.com\\\/kpgpropertylanzarote\",\"https:\\\/\\\/www.linkedin.com\\\/company\\\/kpgpropertylanzarote\\\/\"]}]}<\/script>\n<!-- \/ Yoast SEO plugin. -->","yoast_head_json":{"title":"Vender - KPG Property","robots":{"index":"index","follow":"follow","max-snippet":"max-snippet:-1","max-image-preview":"max-image-preview:large","max-video-preview":"max-video-preview:-1"},"canonical":"https:\/\/www.kpgproperty.com\/es\/vender\/","og_locale":"es_ES","og_type":"article","og_title":"Vender - KPG Property","og_description":"Desarrolle y venda su propiedad al mejor precio Con los expertos adecuados, usted puede garantizar que su propiedad se venda de manera r\u00e1pida, eficiente y al comprador indicado, obteniendo el mejor precio posible. Desarrolle y venda propiedades con KPG New Homes Lo que KPG New Homes puede hacer por usted Tasaciones de terrenos:&nbsp;Ofrecemos una evaluaci\u00f3n [&hellip;]","og_url":"https:\/\/www.kpgproperty.com\/es\/vender\/","og_site_name":"KPG Property","article_publisher":"https:\/\/facebook.com\/kpgpropertylanzarote","article_modified_time":"2025-07-07T10:29:11+00:00","og_image":[{"width":1500,"height":559,"url":"https:\/\/www.kpgproperty.com\/wp-content\/uploads\/65cb94e87c4dd.jpg","type":"image\/jpeg"}],"twitter_card":"summary_large_image","twitter_misc":{"Tiempo de lectura":"5 minutos"},"schema":{"@context":"https:\/\/schema.org","@graph":[{"@type":"WebPage","@id":"https:\/\/www.kpgproperty.com\/es\/vender\/","url":"https:\/\/www.kpgproperty.com\/es\/vender\/","name":"Vender - KPG Property","isPartOf":{"@id":"https:\/\/www.kpgproperty.com\/#website"},"primaryImageOfPage":{"@id":"https:\/\/www.kpgproperty.com\/es\/vender\/#primaryimage"},"image":{"@id":"https:\/\/www.kpgproperty.com\/es\/vender\/#primaryimage"},"thumbnailUrl":"https:\/\/kpgnewhomes.com\/wp-content\/uploads\/65cb94e87c4dd.jpg","datePublished":"2024-05-24T09:27:23+00:00","dateModified":"2025-07-07T10:29:11+00:00","breadcrumb":{"@id":"https:\/\/www.kpgproperty.com\/es\/vender\/#breadcrumb"},"inLanguage":"es","potentialAction":[{"@type":"ReadAction","target":["https:\/\/www.kpgproperty.com\/es\/vender\/"]}]},{"@type":"ImageObject","inLanguage":"es","@id":"https:\/\/www.kpgproperty.com\/es\/vender\/#primaryimage","url":"https:\/\/kpgnewhomes.com\/wp-content\/uploads\/65cb94e87c4dd.jpg","contentUrl":"https:\/\/kpgnewhomes.com\/wp-content\/uploads\/65cb94e87c4dd.jpg"},{"@type":"BreadcrumbList","@id":"https:\/\/www.kpgproperty.com\/es\/vender\/#breadcrumb","itemListElement":[{"@type":"ListItem","position":1,"name":"Home","item":"https:\/\/www.kpgproperty.com\/es\/"},{"@type":"ListItem","position":2,"name":"Vender"}]},{"@type":"WebSite","@id":"https:\/\/www.kpgproperty.com\/#website","url":"https:\/\/www.kpgproperty.com\/","name":"KPG Property","description":"The Property Experts","publisher":{"@id":"https:\/\/www.kpgproperty.com\/#organization"},"potentialAction":[{"@type":"SearchAction","target":{"@type":"EntryPoint","urlTemplate":"https:\/\/www.kpgproperty.com\/?s={search_term_string}"},"query-input":{"@type":"PropertyValueSpecification","valueRequired":true,"valueName":"search_term_string"}}],"inLanguage":"es"},{"@type":"Organization","@id":"https:\/\/www.kpgproperty.com\/#organization","name":"KPG Property","url":"https:\/\/www.kpgproperty.com\/","logo":{"@type":"ImageObject","inLanguage":"es","@id":"https:\/\/www.kpgproperty.com\/#\/schema\/logo\/image\/","url":"https:\/\/www.kpgproperty.com\/wp-content\/uploads\/Diseno-sin-titulo-47.jpg","contentUrl":"https:\/\/www.kpgproperty.com\/wp-content\/uploads\/Diseno-sin-titulo-47.jpg","width":600,"height":600,"caption":"KPG Property"},"image":{"@id":"https:\/\/www.kpgproperty.com\/#\/schema\/logo\/image\/"},"sameAs":["https:\/\/facebook.com\/kpgpropertylanzarote","https:\/\/instagram.com\/kpgpropertylanzarote","https:\/\/www.linkedin.com\/company\/kpgpropertylanzarote\/"]}]}},"mfb_rest_fields":["title","yoast_head","yoast_head_json"],"_links":{"self":[{"href":"https:\/\/www.kpgproperty.com\/es\/wp-json\/wp\/v2\/pages\/4123","targetHints":{"allow":["GET"]}}],"collection":[{"href":"https:\/\/www.kpgproperty.com\/es\/wp-json\/wp\/v2\/pages"}],"about":[{"href":"https:\/\/www.kpgproperty.com\/es\/wp-json\/wp\/v2\/types\/page"}],"author":[{"embeddable":true,"href":"https:\/\/www.kpgproperty.com\/es\/wp-json\/wp\/v2\/users\/1"}],"replies":[{"embeddable":true,"href":"https:\/\/www.kpgproperty.com\/es\/wp-json\/wp\/v2\/comments?post=4123"}],"version-history":[{"count":3,"href":"https:\/\/www.kpgproperty.com\/es\/wp-json\/wp\/v2\/pages\/4123\/revisions"}],"predecessor-version":[{"id":31788,"href":"https:\/\/www.kpgproperty.com\/es\/wp-json\/wp\/v2\/pages\/4123\/revisions\/31788"}],"wp:attachment":[{"href":"https:\/\/www.kpgproperty.com\/es\/wp-json\/wp\/v2\/media?parent=4123"}],"curies":[{"name":"wp","href":"https:\/\/api.w.org\/{rel}","templated":true}]}}