{"id":16096,"date":"2024-10-30T14:09:20","date_gmt":"2024-10-30T14:09:20","guid":{"rendered":"https:\/\/kpgnewhomes.com\/careers-2\/"},"modified":"2025-09-11T13:40:19","modified_gmt":"2025-09-11T13:40:19","slug":"carreras","status":"publish","type":"page","link":"https:\/\/www.kpgproperty.com\/es\/carreras\/","title":{"rendered":"Carreras"},"content":{"rendered":"<p>[et_pb_section fb_built=\u00bb1&#8243; custom_padding_last_edited=\u00bbon|phone\u00bb admin_label=\u00bbintro pb header video\u00bb _builder_version=\u00bb4.27.4&#8243; _module_preset=\u00bbdefault\u00bb parallax=\u00bbon\u00bb parallax_method=\u00bboff\u00bb background_video_mp4=\u00bbhttps:\/\/www.kpgproperty.com\/wp-content\/uploads\/realtor-careers.mp4&#8243; z_index=\u00bb1&#8243; width_tablet=\u00bb100%\u00bb width_phone=\u00bb100%\u00bb width_last_edited=\u00bbon|phone\u00bb height=\u00bb70vh\u00bb height_tablet=\u00bb70vh\u00bb height_phone=\u00bb70vh\u00bb height_last_edited=\u00bbon|phone\u00bb custom_margin=\u00bb||3px||false|false\u00bb custom_margin_tablet=\u00bb||||false|false\u00bb custom_margin_phone=\u00bb0px||3px||false|false\u00bb custom_margin_last_edited=\u00bbon|tablet\u00bb custom_padding=\u00bb100px||100px||false|false\u00bb custom_padding_tablet=\u00bb0px||||false|false\u00bb custom_padding_phone=\u00bb0px||100px||false|false\u00bb sticky_position=\u00bbtop\u00bb sticky_limit_bottom=\u00bbbody\u00bb sticky_offset_surrounding=\u00bboff\u00bb sticky_position_tablet=\u00bbnone\u00bb sticky_position_phone=\u00bbnone\u00bb sticky_position_last_edited=\u00bbon|desktop\u00bb custom_css_free_form=\u00bbselector::before {||  content: %22%22;||  display: block;||  position: absolute;||  top: 0;||  left: 0;||  width: 100%;||  height: 100%;||  background-color: rgba(0, 0, 0, 0.6);||  z-index: 1;||}\u00bb collapsed=\u00bboff\u00bb global_colors_info=\u00bb{}\u00bb width__sticky_enabled=\u00bboff|desktop\u00bb locked=\u00bboff\u00bb][et_pb_row _builder_version=\u00bb4.27.3&#8243; _module_preset=\u00bbdefault\u00bb custom_margin=\u00bb14vh|auto|-2px|80px|false|false\u00bb scroll_fade_enable=\u00bbon\u00bb scroll_fade=\u00bb0|82|82|100|100%|100%|0%\u00bb motion_trigger_start=\u00bbbottom\u00bb global_colors_info=\u00bb{}\u00bb][et_pb_column type=\u00bb4_4&#8243; _builder_version=\u00bb4.25.2&#8243; _module_preset=\u00bbdefault\u00bb global_colors_info=\u00bb{}\u00bb][et_pb_text admin_label=\u00bbproject title Text\u00bb _builder_version=\u00bb4.27.3&#8243; _module_preset=\u00bbdefault\u00bb text_font=\u00bb|||on|||||\u00bb text_text_color=\u00bb#FFFFFF\u00bb text_font_size=\u00bb16px\u00bb header_4_text_color=\u00bb#FFFFFF\u00bb header_4_font_size=\u00bb48px\u00bb header_5_font=\u00bb||||||||\u00bb header_5_text_color=\u00bb#FFFFFF\u00bb header_5_font_size=\u00bb42px\u00bb custom_margin_tablet=\u00bb\u00bb custom_margin_phone=\u00bb|||-58px|false|false\u00bb custom_margin_last_edited=\u00bbon|phone\u00bb animation_style=\u00bbflip\u00bb header_5_font_size_tablet=\u00bb42px\u00bb header_5_font_size_phone=\u00bb33px\u00bb header_5_font_size_last_edited=\u00bbon|phone\u00bb global_colors_info=\u00bb{}\u00bb]<\/p>\n<h5>Carreras<\/h5>\n<p>\u00danete a nuestro equipo de expertos<\/p>\n<p>[\/et_pb_text][\/et_pb_column][\/et_pb_row][et_pb_row _builder_version=\u00bb4.27.3&#8243; _module_preset=\u00bbdefault\u00bb custom_margin=\u00bb5vh||||false|false\u00bb custom_margin_tablet=\u00bb14vh||||false|false\u00bb custom_margin_phone=\u00bb10vh||||false|false\u00bb custom_margin_last_edited=\u00bbon|phone\u00bb global_colors_info=\u00bb{}\u00bb][et_pb_column type=\u00bb4_4&#8243; _builder_version=\u00bb4.25.2&#8243; _module_preset=\u00bbdefault\u00bb global_colors_info=\u00bb{}\u00bb][et_pb_text admin_label=\u00bbevocative strapline Text\u00bb _builder_version=\u00bb4.27.3&#8243; _module_preset=\u00bbdefault\u00bb text_font=\u00bb|||on|||||\u00bb text_text_color=\u00bb#FFFFFF\u00bb text_font_size=\u00bb23px\u00bb text_letter_spacing=\u00bb5px\u00bb header_4_text_color=\u00bb#FFFFFF\u00bb header_4_font_size=\u00bb48px\u00bb header_5_text_color=\u00bb#FFFFFF\u00bb header_5_font_size=\u00bb42px\u00bb text_orientation=\u00bbright\u00bb animation_style=\u00bbflip\u00bb animation_delay=\u00bb1000ms\u00bb scroll_fade_enable=\u00bbon\u00bb scroll_fade=\u00bb0|89|89|100|100%|100|0%\u00bb global_colors_info=\u00bb{}\u00bb]<\/p>\n<p>Construir sue\u00f1os<\/p>\n<p>[\/et_pb_text][\/et_pb_column][\/et_pb_row][\/et_pb_section][et_pb_section fb_built=\u00bb1&#8243; admin_label=\u00bbcontent toggles\u00bb _builder_version=\u00bb4.27.0&#8243; _module_preset=\u00bbdefault\u00bb background_color=\u00bb#FFFFFF\u00bb background_enable_image=\u00bboff\u00bb background_size=\u00bbcustom\u00bb background_image_width=\u00bb31%\u00bb background_position=\u00bbtop_left\u00bb background_horizontal_offset=\u00bb0%\u00bb background_vertical_offset=\u00bb0%\u00bb z_index=\u00bb2&#8243; custom_padding=\u00bb||6px|||\u00bb sticky_limit_bottom=\u00bbbody\u00bb scroll_vertical_motion=\u00bb0|0|0|100|4.5|0|0&#8243; scroll_fade=\u00bb0|56|56|100|40%|100%|100&#8243; background_last_edited=\u00bbon|phone\u00bb background_image_width_phone=\u00bb54%\u00bb sticky_position_tablet=\u00bbnone\u00bb sticky_position_phone=\u00bbnone\u00bb sticky_position_last_edited=\u00bbon|desktop\u00bb locked=\u00bboff\u00bb collapsed=\u00bboff\u00bb global_colors_info=\u00bb{}\u00bb][et_pb_row _builder_version=\u00bb4.18.0&#8243; _module_preset=\u00bb5138c454-be54-4233-bd3b-f8e6a8747976&#8243; custom_margin=\u00bb|auto|1px|auto||\u00bb locked=\u00bboff\u00bb collapsed=\u00bboff\u00bb global_colors_info=\u00bb{}\u00bb][et_pb_column type=\u00bb4_4&#8243; _builder_version=\u00bb4.18.0&#8243; _module_preset=\u00bb73121f80-a3ef-4484-8763-c3f18e3c56d2&#8243; global_colors_info=\u00bb{}\u00bb][et_pb_heading title=\u00bbTu futuro con KPG\u00bb _builder_version=\u00bb4.27.3&#8243; _module_preset=\u00bbc33f07d9-41e0-421a-8799-5799df695cce\u00bb title_level=\u00bbh6&#8243; title_font=\u00bb|Cormorant Garamond_weight|||||||\u00bb title_text_align=\u00bbcenter\u00bb title_text_color=\u00bb#0e0c19&#8243; title_font_size=\u00bb40px\u00bb title_line_height=\u00bb1.2em\u00bb custom_margin=\u00bb||10px||false|false\u00bb title_font_size_tablet=\u00bb28px\u00bb title_font_size_phone=\u00bb25px\u00bb title_font_size_last_edited=\u00bbon|phone\u00bb locked=\u00bboff\u00bb global_colors_info=\u00bb{}\u00bb][\/et_pb_heading][\/et_pb_column][\/et_pb_row][et_pb_row _builder_version=\u00bb4.27.0&#8243; _module_preset=\u00bbdefault\u00bb collapsed=\u00bboff\u00bb global_colors_info=\u00bb{}\u00bb][et_pb_column type=\u00bb4_4&#8243; _builder_version=\u00bb4.27.0&#8243; _module_preset=\u00bbdefault\u00bb global_colors_info=\u00bb{}\u00bb][et_pb_text _builder_version=\u00bb4.27.4&#8243; _module_preset=\u00bbdefault\u00bb text_text_color=\u00bb#000000&#8243; text_font_size=\u00bb17px\u00bb global_colors_info=\u00bb{}\u00bb]<\/p>\n<p>\u00danete a nuestro din\u00e1mico equipo en KPG Property y emprende una carrera gratificante en la pr\u00f3spera industria inmobiliaria. Disfruta de oportunidades de crecimiento incomparables, un entorno de trabajo colaborativo y la oportunidad de ayudar a promotores a crear y a clientes a encontrar la casa de sus sue\u00f1os. \u00a1Eleva tu carrera inmobiliaria con nosotros hoy y forma parte de moldear el futuro de las ventas de viviendas y terrenos nuevos!<\/p>\n<p>[\/et_pb_text][\/et_pb_column][\/et_pb_row][\/et_pb_section][et_pb_section fb_built=\u00bb1&#8243; prev_background_color=\u00bb#FFFFFF\u00bb disabled_on=\u00bboff|off|off\u00bb admin_label=\u00bbhighlight contact CTA\u00bb _builder_version=\u00bb4.27.2&#8243; _module_preset=\u00bbdefault\u00bb background_color=\u00bbrgba(0,18,84,0.21)\u00bb z_index=\u00bb6&#8243; width=\u00bb100%\u00bb max_width=\u00bb100%\u00bb module_alignment=\u00bbleft\u00bb custom_padding=\u00bb73px|||||\u00bb top_divider_style=\u00bbtriangle\u00bb top_divider_height=\u00bb49px\u00bb top_divider_flip=\u00bbvertical\u00bb bottom_divider_height=\u00bb57px\u00bb background_color_phone=\u00bb#0c4580&#8243; background_last_edited=\u00bbon|phone\u00bb background_enable_color_phone=\u00bbon\u00bb global_colors_info=\u00bb{}\u00bb][et_pb_row column_structure=\u00bb3_4,1_4&#8243; _builder_version=\u00bb4.27.0&#8243; _module_preset=\u00bbdefault\u00bb width=\u00bb100%\u00bb max_width=\u00bb100%\u00bb global_colors_info=\u00bb{}\u00bb][et_pb_column type=\u00bb3_4&#8243; _builder_version=\u00bb4.27.0&#8243; _module_preset=\u00bbdefault\u00bb global_colors_info=\u00bb{}\u00bb][et_pb_text content_tablet=\u00bb<\/p>\n<h1>Turn your sales talent<br \/>into success<\/h1>\n<p>\u00bb content_phone=\u00bb<\/p>\n<h1 style=%22text-align: center;%22>Turn your sales talent into success<\/h1>\n<p>\u00bb content_last_edited=\u00bbon|phone\u00bb _builder_version=\u00bb4.27.3&#8243; _module_preset=\u00bbdefault\u00bb header_font=\u00bb|300||on|||||\u00bb header_text_align=\u00bbleft\u00bb header_text_color=\u00bb#FFFFFF\u00bb header_font_size=\u00bb44px\u00bb header_line_height=\u00bb1.4em\u00bb custom_padding=\u00bb||0px|54px|false|false\u00bb custom_padding_tablet=\u00bb||0px|54px|false|false\u00bb custom_padding_phone=\u00bb||0px|0px|false|false\u00bb custom_padding_last_edited=\u00bbon|phone\u00bb sticky_limit_top=\u00bbsection\u00bb sticky_limit_bottom=\u00bbsection\u00bb scroll_horizontal_motion=\u00bb0|51|51|100|0|35|40&#8243; scroll_fade=\u00bb0|50|50|100|0%|40%|20%\u00bb motion_trigger_start=\u00bbtop\u00bb header_font_size_tablet=\u00bb44px\u00bb header_font_size_phone=\u00bb20px\u00bb header_font_size_last_edited=\u00bbon|phone\u00bb global_colors_info=\u00bb{}\u00bb]<\/p>\n<h1>Convierte tu talento en todo un \u00e9xito<\/h1>\n<p>[\/et_pb_text][\/et_pb_column][et_pb_column type=\u00bb1_4&#8243; _builder_version=\u00bb4.27.0&#8243; _module_preset=\u00bbdefault\u00bb global_colors_info=\u00bb{}\u00bb][et_pb_button button_url=\u00bbhttps:\/\/www.kpgproperty.com\/es\/contacto\/\u00bb button_text=\u00bbCONT\u00c1CTENOS\u00bb button_alignment=\u00bbleft\u00bb button_alignment_tablet=\u00bbleft\u00bb button_alignment_phone=\u00bbcenter\u00bb button_alignment_last_edited=\u00bbon|phone\u00bb _builder_version=\u00bb4.27.4&#8243; _module_preset=\u00bbdefault\u00bb custom_button=\u00bbon\u00bb button_text_size=\u00bb14px\u00bb button_text_color=\u00bb#FFFFFF\u00bb button_bg_color=\u00bbRGBA(255,255,255,0)\u00bb button_border_width=\u00bb1px\u00bb button_border_color=\u00bb#FFFFFF\u00bb button_border_radius=\u00bb104px\u00bb button_letter_spacing=\u00bb1px\u00bb button_use_icon=\u00bboff\u00bb custom_padding=\u00bb70px|22px|70px|22px|false|true\u00bb button_text_color_tablet=\u00bb#FFFFFF\u00bb button_text_color_phone=\u00bb#FFFFFF\u00bb button_text_color_last_edited=\u00bbon|desktop\u00bb button_bg_color_tablet=\u00bbRGBA(255,255,255,0)\u00bb button_bg_color_phone=\u00bbRGBA(255,255,255,0)\u00bb button_bg_color_last_edited=\u00bbon|desktop\u00bb global_colors_info=\u00bb{}\u00bb button_bg_color__hover_enabled=\u00bbon|hover\u00bb button_text_color__hover_enabled=\u00bbon|hover\u00bb button_text_color__hover=\u00bb#000000&#8243; button_bg_color__hover=\u00bb#b9fe87&#8243; button_bg_enable_color__hover=\u00bbon\u00bb][\/et_pb_button][\/et_pb_column][\/et_pb_row][\/et_pb_section]<\/p>\n","protected":false},"excerpt":{"rendered":"<p>Carreras \u00danete a nuestro equipo de expertos Construir&#8230;<\/p>\n","protected":false},"author":2,"featured_media":0,"parent":0,"menu_order":0,"comment_status":"closed","ping_status":"closed","template":"","meta":{"_et_pb_use_builder":"on","_et_pb_old_content":"","_et_gb_content_width":"","_monsterinsights_skip_tracking":false,"_monsterinsights_sitenote_active":false,"_monsterinsights_sitenote_note":"","_monsterinsights_sitenote_category":0,"footnotes":""},"class_list":["post-16096","page","type-page","status-publish","hentry"],"mb":[],"yoast_head":"<!-- This site is optimized with the Yoast SEO plugin v27.3 - https:\/\/yoast.com\/product\/yoast-seo-wordpress\/ -->\n<title>Carreras - KPG Property<\/title>\n<meta name=\"description\" content=\"\u00danete a nuestro din\u00e1mico equipo en KPG New Homes y emprende una carrera gratificante en la pr\u00f3spera industria inmobiliaria\" \/>\n<meta name=\"robots\" content=\"index, follow, max-snippet:-1, max-image-preview:large, max-video-preview:-1\" \/>\n<link rel=\"canonical\" href=\"https:\/\/www.kpgproperty.com\/es\/carreras\/\" \/>\n<meta property=\"og:locale\" content=\"es_ES\" \/>\n<meta property=\"og:type\" content=\"article\" \/>\n<meta property=\"og:title\" content=\"Carreras - KPG Property\" \/>\n<meta property=\"og:description\" content=\"\u00danete a nuestro din\u00e1mico equipo en KPG New Homes y emprende una carrera gratificante en la pr\u00f3spera industria inmobiliaria\" \/>\n<meta property=\"og:url\" content=\"https:\/\/www.kpgproperty.com\/es\/carreras\/\" \/>\n<meta property=\"og:site_name\" content=\"KPG Property\" \/>\n<meta property=\"article:publisher\" content=\"https:\/\/facebook.com\/kpgpropertylanzarote\" \/>\n<meta property=\"article:modified_time\" content=\"2025-09-11T13:40:19+00:00\" \/>\n<meta property=\"og:image\" content=\"https:\/\/www.kpgproperty.com\/wp-content\/uploads\/KPGproperty_logo_blue.png\" \/>\n\t<meta property=\"og:image:width\" content=\"1182\" \/>\n\t<meta property=\"og:image:height\" content=\"544\" \/>\n\t<meta property=\"og:image:type\" content=\"image\/png\" \/>\n<meta name=\"twitter:card\" content=\"summary_large_image\" \/>\n<meta name=\"twitter:label1\" content=\"Tiempo de lectura\" \/>\n\t<meta name=\"twitter:data1\" content=\"1 minuto\" \/>\n<script type=\"application\/ld+json\" class=\"yoast-schema-graph\">{\"@context\":\"https:\\\/\\\/schema.org\",\"@graph\":[{\"@type\":\"WebPage\",\"@id\":\"https:\\\/\\\/www.kpgproperty.com\\\/es\\\/carreras\\\/\",\"url\":\"https:\\\/\\\/www.kpgproperty.com\\\/es\\\/carreras\\\/\",\"name\":\"Carreras - KPG Property\",\"isPartOf\":{\"@id\":\"https:\\\/\\\/www.kpgproperty.com\\\/#website\"},\"datePublished\":\"2024-10-30T14:09:20+00:00\",\"dateModified\":\"2025-09-11T13:40:19+00:00\",\"description\":\"\u00danete a nuestro din\u00e1mico equipo en KPG New Homes y emprende una carrera gratificante en la pr\u00f3spera industria inmobiliaria\",\"breadcrumb\":{\"@id\":\"https:\\\/\\\/www.kpgproperty.com\\\/es\\\/carreras\\\/#breadcrumb\"},\"inLanguage\":\"es\",\"potentialAction\":[{\"@type\":\"ReadAction\",\"target\":[\"https:\\\/\\\/www.kpgproperty.com\\\/es\\\/carreras\\\/\"]}]},{\"@type\":\"BreadcrumbList\",\"@id\":\"https:\\\/\\\/www.kpgproperty.com\\\/es\\\/carreras\\\/#breadcrumb\",\"itemListElement\":[{\"@type\":\"ListItem\",\"position\":1,\"name\":\"Home\",\"item\":\"https:\\\/\\\/www.kpgproperty.com\\\/es\\\/\"},{\"@type\":\"ListItem\",\"position\":2,\"name\":\"Carreras\"}]},{\"@type\":\"WebSite\",\"@id\":\"https:\\\/\\\/www.kpgproperty.com\\\/#website\",\"url\":\"https:\\\/\\\/www.kpgproperty.com\\\/\",\"name\":\"KPG Property\",\"description\":\"The Property Experts\",\"publisher\":{\"@id\":\"https:\\\/\\\/www.kpgproperty.com\\\/#organization\"},\"potentialAction\":[{\"@type\":\"SearchAction\",\"target\":{\"@type\":\"EntryPoint\",\"urlTemplate\":\"https:\\\/\\\/www.kpgproperty.com\\\/?s={search_term_string}\"},\"query-input\":{\"@type\":\"PropertyValueSpecification\",\"valueRequired\":true,\"valueName\":\"search_term_string\"}}],\"inLanguage\":\"es\"},{\"@type\":\"Organization\",\"@id\":\"https:\\\/\\\/www.kpgproperty.com\\\/#organization\",\"name\":\"KPG Property\",\"url\":\"https:\\\/\\\/www.kpgproperty.com\\\/\",\"logo\":{\"@type\":\"ImageObject\",\"inLanguage\":\"es\",\"@id\":\"https:\\\/\\\/www.kpgproperty.com\\\/#\\\/schema\\\/logo\\\/image\\\/\",\"url\":\"https:\\\/\\\/www.kpgproperty.com\\\/wp-content\\\/uploads\\\/Diseno-sin-titulo-47.jpg\",\"contentUrl\":\"https:\\\/\\\/www.kpgproperty.com\\\/wp-content\\\/uploads\\\/Diseno-sin-titulo-47.jpg\",\"width\":600,\"height\":600,\"caption\":\"KPG Property\"},\"image\":{\"@id\":\"https:\\\/\\\/www.kpgproperty.com\\\/#\\\/schema\\\/logo\\\/image\\\/\"},\"sameAs\":[\"https:\\\/\\\/facebook.com\\\/kpgpropertylanzarote\",\"https:\\\/\\\/instagram.com\\\/kpgpropertylanzarote\",\"https:\\\/\\\/www.linkedin.com\\\/company\\\/kpgpropertylanzarote\\\/\"]}]}<\/script>\n<!-- \/ Yoast SEO plugin. -->","yoast_head_json":{"title":"Carreras - KPG Property","description":"\u00danete a nuestro din\u00e1mico equipo en KPG New Homes y emprende una carrera gratificante en la pr\u00f3spera industria inmobiliaria","robots":{"index":"index","follow":"follow","max-snippet":"max-snippet:-1","max-image-preview":"max-image-preview:large","max-video-preview":"max-video-preview:-1"},"canonical":"https:\/\/www.kpgproperty.com\/es\/carreras\/","og_locale":"es_ES","og_type":"article","og_title":"Carreras - KPG Property","og_description":"\u00danete a nuestro din\u00e1mico equipo en KPG New Homes y emprende una carrera gratificante en la pr\u00f3spera industria inmobiliaria","og_url":"https:\/\/www.kpgproperty.com\/es\/carreras\/","og_site_name":"KPG Property","article_publisher":"https:\/\/facebook.com\/kpgpropertylanzarote","article_modified_time":"2025-09-11T13:40:19+00:00","og_image":[{"width":1182,"height":544,"url":"https:\/\/www.kpgproperty.com\/wp-content\/uploads\/KPGproperty_logo_blue.png","type":"image\/png"}],"twitter_card":"summary_large_image","twitter_misc":{"Tiempo de lectura":"1 minuto"},"schema":{"@context":"https:\/\/schema.org","@graph":[{"@type":"WebPage","@id":"https:\/\/www.kpgproperty.com\/es\/carreras\/","url":"https:\/\/www.kpgproperty.com\/es\/carreras\/","name":"Carreras - KPG Property","isPartOf":{"@id":"https:\/\/www.kpgproperty.com\/#website"},"datePublished":"2024-10-30T14:09:20+00:00","dateModified":"2025-09-11T13:40:19+00:00","description":"\u00danete a nuestro din\u00e1mico equipo en KPG New Homes y emprende una carrera gratificante en la pr\u00f3spera industria inmobiliaria","breadcrumb":{"@id":"https:\/\/www.kpgproperty.com\/es\/carreras\/#breadcrumb"},"inLanguage":"es","potentialAction":[{"@type":"ReadAction","target":["https:\/\/www.kpgproperty.com\/es\/carreras\/"]}]},{"@type":"BreadcrumbList","@id":"https:\/\/www.kpgproperty.com\/es\/carreras\/#breadcrumb","itemListElement":[{"@type":"ListItem","position":1,"name":"Home","item":"https:\/\/www.kpgproperty.com\/es\/"},{"@type":"ListItem","position":2,"name":"Carreras"}]},{"@type":"WebSite","@id":"https:\/\/www.kpgproperty.com\/#website","url":"https:\/\/www.kpgproperty.com\/","name":"KPG Property","description":"The Property Experts","publisher":{"@id":"https:\/\/www.kpgproperty.com\/#organization"},"potentialAction":[{"@type":"SearchAction","target":{"@type":"EntryPoint","urlTemplate":"https:\/\/www.kpgproperty.com\/?s={search_term_string}"},"query-input":{"@type":"PropertyValueSpecification","valueRequired":true,"valueName":"search_term_string"}}],"inLanguage":"es"},{"@type":"Organization","@id":"https:\/\/www.kpgproperty.com\/#organization","name":"KPG Property","url":"https:\/\/www.kpgproperty.com\/","logo":{"@type":"ImageObject","inLanguage":"es","@id":"https:\/\/www.kpgproperty.com\/#\/schema\/logo\/image\/","url":"https:\/\/www.kpgproperty.com\/wp-content\/uploads\/Diseno-sin-titulo-47.jpg","contentUrl":"https:\/\/www.kpgproperty.com\/wp-content\/uploads\/Diseno-sin-titulo-47.jpg","width":600,"height":600,"caption":"KPG Property"},"image":{"@id":"https:\/\/www.kpgproperty.com\/#\/schema\/logo\/image\/"},"sameAs":["https:\/\/facebook.com\/kpgpropertylanzarote","https:\/\/instagram.com\/kpgpropertylanzarote","https:\/\/www.linkedin.com\/company\/kpgpropertylanzarote\/"]}]}},"mfb_rest_fields":["title","yoast_head","yoast_head_json"],"_links":{"self":[{"href":"https:\/\/www.kpgproperty.com\/es\/wp-json\/wp\/v2\/pages\/16096","targetHints":{"allow":["GET"]}}],"collection":[{"href":"https:\/\/www.kpgproperty.com\/es\/wp-json\/wp\/v2\/pages"}],"about":[{"href":"https:\/\/www.kpgproperty.com\/es\/wp-json\/wp\/v2\/types\/page"}],"author":[{"embeddable":true,"href":"https:\/\/www.kpgproperty.com\/es\/wp-json\/wp\/v2\/users\/2"}],"replies":[{"embeddable":true,"href":"https:\/\/www.kpgproperty.com\/es\/wp-json\/wp\/v2\/comments?post=16096"}],"version-history":[{"count":8,"href":"https:\/\/www.kpgproperty.com\/es\/wp-json\/wp\/v2\/pages\/16096\/revisions"}],"predecessor-version":[{"id":38977,"href":"https:\/\/www.kpgproperty.com\/es\/wp-json\/wp\/v2\/pages\/16096\/revisions\/38977"}],"wp:attachment":[{"href":"https:\/\/www.kpgproperty.com\/es\/wp-json\/wp\/v2\/media?parent=16096"}],"curies":[{"name":"wp","href":"https:\/\/api.w.org\/{rel}","templated":true}]}}